{"id":1369,"date":"2023-09-15T11:28:14","date_gmt":"2023-09-15T10:28:14","guid":{"rendered":"https:\/\/oetinger.bonderio.cz\/download\/"},"modified":"2025-07-22T12:53:34","modified_gmt":"2025-07-22T11:53:34","slug":"certifikace-a-dokumenty-ke-stazeni","status":"publish","type":"page","link":"https:\/\/oetinger.dancingcode.cz\/cs\/certifikace-a-dokumenty-ke-stazeni\/","title":{"rendered":"Dosahov\u00e1n\u00ed c\u00edl\u016f prost\u0159ednictv\u00edm neust\u00e1l\u00e9ho [label type=\"light\"]zlep\u0161ov\u00e1n\u00ed[\/label]"},"content":{"rendered":"","protected":false},"excerpt":{"rendered":"","protected":false},"author":1,"featured_media":25,"parent":0,"menu_order":0,"comment_status":"closed","ping_status":"closed","template":"documents.php","meta":{"footnotes":""},"class_list":["post-1369","page","type-page","status-publish","has-post-thumbnail","hentry"],"yoast_head":"<!-- This site is optimized with the Yoast SEO plugin v27.4 - https:\/\/yoast.com\/product\/yoast-seo-wordpress\/ -->\n<title>Oetinger Aluminium<\/title>\n<meta name=\"description\" content=\"Na\u0161e certifik\u00e1ty, pokyny a v\u0161eobecn\u00e9 podm\u00ednky jsou k dispozici ke sta\u017een\u00ed. Udr\u017eitelnost, \u017eivotn\u00ed prost\u0159ed\u00ed, kvalita.\" \/>\n<meta name=\"robots\" content=\"index, follow, max-snippet:-1, max-image-preview:large, max-video-preview:-1\" \/>\n<link rel=\"canonical\" href=\"https:\/\/oetinger.dancingcode.cz\/cs\/certifikace-a-dokumenty-ke-stazeni\/\" \/>\n<meta property=\"og:locale\" content=\"cs_CZ\" \/>\n<meta property=\"og:type\" content=\"article\" \/>\n<meta property=\"og:title\" content=\"Oetinger Aluminium\" \/>\n<meta property=\"og:description\" content=\"Na\u0161e certifik\u00e1ty, pokyny a v\u0161eobecn\u00e9 podm\u00ednky jsou k dispozici ke sta\u017een\u00ed. Udr\u017eitelnost, \u017eivotn\u00ed prost\u0159ed\u00ed, kvalita.\" \/>\n<meta property=\"og:url\" content=\"https:\/\/oetinger.dancingcode.cz\/cs\/certifikace-a-dokumenty-ke-stazeni\/\" \/>\n<meta property=\"og:site_name\" content=\"Oetinger Aluminium\" \/>\n<meta property=\"article:modified_time\" content=\"2025-07-22T11:53:34+00:00\" \/>\n<meta property=\"og:image\" content=\"https:\/\/oetinger.dancingcode.cz\/wp-content\/uploads\/2023\/09\/10.webp\" \/>\n\t<meta property=\"og:image:width\" content=\"1920\" \/>\n\t<meta property=\"og:image:height\" content=\"600\" \/>\n\t<meta property=\"og:image:type\" content=\"image\/webp\" \/>\n<meta name=\"twitter:card\" content=\"summary_large_image\" \/>\n<meta name=\"twitter:label1\" content=\"Odhadovan\u00e1 doba \u010dten\u00ed\" \/>\n\t<meta name=\"twitter:data1\" content=\"1 minuta\" \/>\n<script type=\"application\/ld+json\" class=\"yoast-schema-graph\">{\"@context\":\"https:\\\/\\\/schema.org\",\"@graph\":[{\"@type\":\"WebPage\",\"@id\":\"https:\\\/\\\/oetinger.dancingcode.cz\\\/cs\\\/certifikace-a-dokumenty-ke-stazeni\\\/\",\"url\":\"https:\\\/\\\/oetinger.dancingcode.cz\\\/cs\\\/certifikace-a-dokumenty-ke-stazeni\\\/\",\"name\":\"Oetinger Aluminium\",\"isPartOf\":{\"@id\":\"https:\\\/\\\/oetinger.dancingcode.cz\\\/cs\\\/#website\"},\"primaryImageOfPage\":{\"@id\":\"https:\\\/\\\/oetinger.dancingcode.cz\\\/cs\\\/certifikace-a-dokumenty-ke-stazeni\\\/#primaryimage\"},\"image\":{\"@id\":\"https:\\\/\\\/oetinger.dancingcode.cz\\\/cs\\\/certifikace-a-dokumenty-ke-stazeni\\\/#primaryimage\"},\"thumbnailUrl\":\"https:\\\/\\\/oetinger.dancingcode.cz\\\/wp-content\\\/uploads\\\/2023\\\/09\\\/10.webp\",\"datePublished\":\"2023-09-15T10:28:14+00:00\",\"dateModified\":\"2025-07-22T11:53:34+00:00\",\"description\":\"Na\u0161e certifik\u00e1ty, pokyny a v\u0161eobecn\u00e9 podm\u00ednky jsou k dispozici ke sta\u017een\u00ed. Udr\u017eitelnost, \u017eivotn\u00ed prost\u0159ed\u00ed, kvalita.\",\"breadcrumb\":{\"@id\":\"https:\\\/\\\/oetinger.dancingcode.cz\\\/cs\\\/certifikace-a-dokumenty-ke-stazeni\\\/#breadcrumb\"},\"inLanguage\":\"cs\",\"potentialAction\":[{\"@type\":\"ReadAction\",\"target\":[\"https:\\\/\\\/oetinger.dancingcode.cz\\\/cs\\\/certifikace-a-dokumenty-ke-stazeni\\\/\"]}]},{\"@type\":\"ImageObject\",\"inLanguage\":\"cs\",\"@id\":\"https:\\\/\\\/oetinger.dancingcode.cz\\\/cs\\\/certifikace-a-dokumenty-ke-stazeni\\\/#primaryimage\",\"url\":\"https:\\\/\\\/oetinger.dancingcode.cz\\\/wp-content\\\/uploads\\\/2023\\\/09\\\/10.webp\",\"contentUrl\":\"https:\\\/\\\/oetinger.dancingcode.cz\\\/wp-content\\\/uploads\\\/2023\\\/09\\\/10.webp\",\"width\":1920,\"height\":600},{\"@type\":\"BreadcrumbList\",\"@id\":\"https:\\\/\\\/oetinger.dancingcode.cz\\\/cs\\\/certifikace-a-dokumenty-ke-stazeni\\\/#breadcrumb\",\"itemListElement\":[{\"@type\":\"ListItem\",\"position\":1,\"name\":\"Home\",\"item\":\"https:\\\/\\\/oetinger.dancingcode.cz\\\/cs\\\/\"},{\"@type\":\"ListItem\",\"position\":2,\"name\":\"Dosahov\u00e1n\u00ed c\u00edl\u016f prost\u0159ednictv\u00edm neust\u00e1l\u00e9ho [label type=\\\"light\\\"]zlep\u0161ov\u00e1n\u00ed[\\\/label]\"}]},{\"@type\":\"WebSite\",\"@id\":\"https:\\\/\\\/oetinger.dancingcode.cz\\\/cs\\\/#website\",\"url\":\"https:\\\/\\\/oetinger.dancingcode.cz\\\/cs\\\/\",\"name\":\"Oetinger\",\"description\":\"\",\"publisher\":{\"@id\":\"https:\\\/\\\/oetinger.dancingcode.cz\\\/cs\\\/#organization\"},\"potentialAction\":[{\"@type\":\"SearchAction\",\"target\":{\"@type\":\"EntryPoint\",\"urlTemplate\":\"https:\\\/\\\/oetinger.dancingcode.cz\\\/cs\\\/?s={search_term_string}\"},\"query-input\":{\"@type\":\"PropertyValueSpecification\",\"valueRequired\":true,\"valueName\":\"search_term_string\"}}],\"inLanguage\":\"cs\"},{\"@type\":\"Organization\",\"@id\":\"https:\\\/\\\/oetinger.dancingcode.cz\\\/cs\\\/#organization\",\"name\":\"Oetinger\",\"url\":\"https:\\\/\\\/oetinger.dancingcode.cz\\\/cs\\\/\",\"logo\":{\"@type\":\"ImageObject\",\"inLanguage\":\"cs\",\"@id\":\"https:\\\/\\\/oetinger.dancingcode.cz\\\/cs\\\/#\\\/schema\\\/logo\\\/image\\\/\",\"url\":\"https:\\\/\\\/oetinger.bonderio.cz\\\/wp-content\\\/uploads\\\/2023\\\/09\\\/favicon.png\",\"contentUrl\":\"https:\\\/\\\/oetinger.bonderio.cz\\\/wp-content\\\/uploads\\\/2023\\\/09\\\/favicon.png\",\"width\":129,\"height\":128,\"caption\":\"Oetinger\"},\"image\":{\"@id\":\"https:\\\/\\\/oetinger.dancingcode.cz\\\/cs\\\/#\\\/schema\\\/logo\\\/image\\\/\"}}]}<\/script>\n<!-- \/ Yoast SEO plugin. -->","yoast_head_json":{"title":"Oetinger Aluminium","description":"Na\u0161e certifik\u00e1ty, pokyny a v\u0161eobecn\u00e9 podm\u00ednky jsou k dispozici ke sta\u017een\u00ed. Udr\u017eitelnost, \u017eivotn\u00ed prost\u0159ed\u00ed, kvalita.","robots":{"index":"index","follow":"follow","max-snippet":"max-snippet:-1","max-image-preview":"max-image-preview:large","max-video-preview":"max-video-preview:-1"},"canonical":"https:\/\/oetinger.dancingcode.cz\/cs\/certifikace-a-dokumenty-ke-stazeni\/","og_locale":"cs_CZ","og_type":"article","og_title":"Oetinger Aluminium","og_description":"Na\u0161e certifik\u00e1ty, pokyny a v\u0161eobecn\u00e9 podm\u00ednky jsou k dispozici ke sta\u017een\u00ed. Udr\u017eitelnost, \u017eivotn\u00ed prost\u0159ed\u00ed, kvalita.","og_url":"https:\/\/oetinger.dancingcode.cz\/cs\/certifikace-a-dokumenty-ke-stazeni\/","og_site_name":"Oetinger Aluminium","article_modified_time":"2025-07-22T11:53:34+00:00","og_image":[{"width":1920,"height":600,"url":"https:\/\/oetinger.dancingcode.cz\/wp-content\/uploads\/2023\/09\/10.webp","type":"image\/webp"}],"twitter_card":"summary_large_image","twitter_misc":{"Odhadovan\u00e1 doba \u010dten\u00ed":"1 minuta"},"schema":{"@context":"https:\/\/schema.org","@graph":[{"@type":"WebPage","@id":"https:\/\/oetinger.dancingcode.cz\/cs\/certifikace-a-dokumenty-ke-stazeni\/","url":"https:\/\/oetinger.dancingcode.cz\/cs\/certifikace-a-dokumenty-ke-stazeni\/","name":"Oetinger Aluminium","isPartOf":{"@id":"https:\/\/oetinger.dancingcode.cz\/cs\/#website"},"primaryImageOfPage":{"@id":"https:\/\/oetinger.dancingcode.cz\/cs\/certifikace-a-dokumenty-ke-stazeni\/#primaryimage"},"image":{"@id":"https:\/\/oetinger.dancingcode.cz\/cs\/certifikace-a-dokumenty-ke-stazeni\/#primaryimage"},"thumbnailUrl":"https:\/\/oetinger.dancingcode.cz\/wp-content\/uploads\/2023\/09\/10.webp","datePublished":"2023-09-15T10:28:14+00:00","dateModified":"2025-07-22T11:53:34+00:00","description":"Na\u0161e certifik\u00e1ty, pokyny a v\u0161eobecn\u00e9 podm\u00ednky jsou k dispozici ke sta\u017een\u00ed. Udr\u017eitelnost, \u017eivotn\u00ed prost\u0159ed\u00ed, kvalita.","breadcrumb":{"@id":"https:\/\/oetinger.dancingcode.cz\/cs\/certifikace-a-dokumenty-ke-stazeni\/#breadcrumb"},"inLanguage":"cs","potentialAction":[{"@type":"ReadAction","target":["https:\/\/oetinger.dancingcode.cz\/cs\/certifikace-a-dokumenty-ke-stazeni\/"]}]},{"@type":"ImageObject","inLanguage":"cs","@id":"https:\/\/oetinger.dancingcode.cz\/cs\/certifikace-a-dokumenty-ke-stazeni\/#primaryimage","url":"https:\/\/oetinger.dancingcode.cz\/wp-content\/uploads\/2023\/09\/10.webp","contentUrl":"https:\/\/oetinger.dancingcode.cz\/wp-content\/uploads\/2023\/09\/10.webp","width":1920,"height":600},{"@type":"BreadcrumbList","@id":"https:\/\/oetinger.dancingcode.cz\/cs\/certifikace-a-dokumenty-ke-stazeni\/#breadcrumb","itemListElement":[{"@type":"ListItem","position":1,"name":"Home","item":"https:\/\/oetinger.dancingcode.cz\/cs\/"},{"@type":"ListItem","position":2,"name":"Dosahov\u00e1n\u00ed c\u00edl\u016f prost\u0159ednictv\u00edm neust\u00e1l\u00e9ho [label type=\"light\"]zlep\u0161ov\u00e1n\u00ed[\/label]"}]},{"@type":"WebSite","@id":"https:\/\/oetinger.dancingcode.cz\/cs\/#website","url":"https:\/\/oetinger.dancingcode.cz\/cs\/","name":"Oetinger","description":"","publisher":{"@id":"https:\/\/oetinger.dancingcode.cz\/cs\/#organization"},"potentialAction":[{"@type":"SearchAction","target":{"@type":"EntryPoint","urlTemplate":"https:\/\/oetinger.dancingcode.cz\/cs\/?s={search_term_string}"},"query-input":{"@type":"PropertyValueSpecification","valueRequired":true,"valueName":"search_term_string"}}],"inLanguage":"cs"},{"@type":"Organization","@id":"https:\/\/oetinger.dancingcode.cz\/cs\/#organization","name":"Oetinger","url":"https:\/\/oetinger.dancingcode.cz\/cs\/","logo":{"@type":"ImageObject","inLanguage":"cs","@id":"https:\/\/oetinger.dancingcode.cz\/cs\/#\/schema\/logo\/image\/","url":"https:\/\/oetinger.bonderio.cz\/wp-content\/uploads\/2023\/09\/favicon.png","contentUrl":"https:\/\/oetinger.bonderio.cz\/wp-content\/uploads\/2023\/09\/favicon.png","width":129,"height":128,"caption":"Oetinger"},"image":{"@id":"https:\/\/oetinger.dancingcode.cz\/cs\/#\/schema\/logo\/image\/"}}]}},"_links":{"self":[{"href":"https:\/\/oetinger.dancingcode.cz\/cs\/wp-json\/wp\/v2\/pages\/1369","targetHints":{"allow":["GET"]}}],"collection":[{"href":"https:\/\/oetinger.dancingcode.cz\/cs\/wp-json\/wp\/v2\/pages"}],"about":[{"href":"https:\/\/oetinger.dancingcode.cz\/cs\/wp-json\/wp\/v2\/types\/page"}],"author":[{"embeddable":true,"href":"https:\/\/oetinger.dancingcode.cz\/cs\/wp-json\/wp\/v2\/users\/1"}],"replies":[{"embeddable":true,"href":"https:\/\/oetinger.dancingcode.cz\/cs\/wp-json\/wp\/v2\/comments?post=1369"}],"version-history":[{"count":29,"href":"https:\/\/oetinger.dancingcode.cz\/cs\/wp-json\/wp\/v2\/pages\/1369\/revisions"}],"predecessor-version":[{"id":2977,"href":"https:\/\/oetinger.dancingcode.cz\/cs\/wp-json\/wp\/v2\/pages\/1369\/revisions\/2977"}],"wp:featuredmedia":[{"embeddable":true,"href":"https:\/\/oetinger.dancingcode.cz\/cs\/wp-json\/wp\/v2\/media\/25"}],"wp:attachment":[{"href":"https:\/\/oetinger.dancingcode.cz\/cs\/wp-json\/wp\/v2\/media?parent=1369"}],"curies":[{"name":"wp","href":"https:\/\/api.w.org\/{rel}","templated":true}]}}